{"id":210,"date":"2017-10-30T16:06:30","date_gmt":"2017-10-30T15:06:30","guid":{"rendered":"https:\/\/langhuus.ch\/blog\/?page_id=210"},"modified":"2021-10-26T09:34:49","modified_gmt":"2021-10-26T07:34:49","slug":"mitgliedschaft","status":"publish","type":"page","link":"https:\/\/langhuus.ch\/blog\/mitgliedschaft\/","title":{"rendered":"Werde Mitglied in der IG Langhuus"},"content":{"rendered":"[et_pb_section fb_built=&#8220;1&#8243; admin_label=&#8220;section&#8220; _builder_version=&#8220;4.10.4&#8243; background_color=&#8220;RGBA(0,0,0,0)&#8220; global_colors_info=&#8220;{}&#8220;][et_pb_row admin_label=&#8220;row&#8220; _builder_version=&#8220;4.10.4&#8243; background_color=&#8220;#FFFFFF&#8220; background_size=&#8220;initial&#8220; background_position=&#8220;top_left&#8220; background_repeat=&#8220;repeat&#8220; custom_padding=&#8220;20px|20px|20px|20px|true|true&#8220; border_radii=&#8220;off|||13px|13px&#8220; box_shadow_style=&#8220;preset2&#8243; global_colors_info=&#8220;{}&#8220;][et_pb_column type=&#8220;4_4&#8243; _builder_version=&#8220;3.25&#8243; custom_padding=&#8220;|||&#8220; global_colors_info=&#8220;{}&#8220; custom_padding__hover=&#8220;|||&#8220;][et_pb_image src=&#8220;https:\/\/langhuus.ch\/blog\/wp-content\/uploads\/2020\/02\/83493080_10158503210429384_9061497657226166272_n.jpg&#8220; title_text=&#8220;83493080_10158503210429384_9061497657226166272_n&#8220; _builder_version=&#8220;4.10.4&#8243; _module_preset=&#8220;default&#8220; global_colors_info=&#8220;{}&#8220;][\/et_pb_image][et_pb_text admin_label=&#8220;Text&#8220; _builder_version=&#8220;3.27.4&#8243; background_size=&#8220;initial&#8220; background_position=&#8220;top_left&#8220; background_repeat=&#8220;repeat&#8220; global_colors_info=&#8220;{}&#8220;]<h1>Werde Mitglied<\/h1>\n<p>\u00a0Werde Mitglied im\u00a0Verein IG Langhuus und unterst\u00fctzte dieses einmalige Projekt in Cham.<\/p>\n<p><\/p>\n<ul class=\"wp-block-list\">\n<li>Als Aktivmitglied engagierst du dich tatkr\u00e4ftig und entscheidest mit (Stimmrecht).<\/li>\n<li>Als Passivmitglied oder G\u00f6nner unterst\u00fctzt du den Verein finanziell und ideell.<\/li>\n<li>Der Mitgliederbeitrag betr\u00e4gt mindestens CHF 120.- pro Jahr.<\/li>\n<\/ul>\n<p><\/p>\n<p><\/p>\n<p>(juristische Personen tragen bitte die Firma\/Organisation\u00a0 ein)<\/p>\n<p><\/p>\n<p><\/p>\n<p><iframe loading=\"lazy\" style=\"max-width: 400px; width: 100%;\" src=\"https:\/\/madmimi.com\/signups\/515116ab51c448feb39ddfd783fc5f68\/iframe\" width=\"300\" height=\"1218\" frameborder=\"0\" scrolling=\"no\"><\/iframe><\/p>\n<p><\/p>\n<p><\/p>\n<p><\/p>[\/et_pb_text][\/et_pb_column][\/et_pb_row][\/et_pb_section]","protected":false},"excerpt":{"rendered":"<p>Werde Mitglied \u00a0Werde Mitglied im\u00a0Verein IG Langhuus und unterst\u00fctzte dieses einmalige Projekt in Cham. Als Aktivmitglied engagierst du dich tatkr\u00e4ftig und entscheidest mit (Stimmrecht). Als Passivmitglied oder G\u00f6nner unterst\u00fctzt du [&hellip;]<\/p>\n","protected":false},"author":1,"featured_media":0,"parent":0,"menu_order":0,"comment_status":"closed","ping_status":"closed","template":"","meta":{"_et_pb_use_builder":"on","_et_pb_old_content":"<!-- wp:paragraph -->\n<p>Werde Mitglied im&nbsp;Verein IG Langhuus und unterst\u00fctzte dieses einmalige Projekt in Cham.<\/p>\n<!-- \/wp:paragraph -->\n\n<!-- wp:list -->\n<ul><li>Als Aktivmitglied engagierst du dich tatkr\u00e4ftig und entscheidest mit (Stimmrecht).<\/li><li>Als Passivmitglied oder G\u00f6nner unterst\u00fctzt du den Verein finanziell und ideell.<\/li><li>Der Mitgliederbeitrag betr\u00e4gt mindestens CHF 120.- pro Jahr.<\/li><\/ul>\n<!-- \/wp:list -->\n\n<!-- wp:paragraph -->\n<p>(juristische Personen&nbsp;tragen bitte die Firma\/Organisation&nbsp; ein).<\/p>\n<!-- \/wp:paragraph -->\n\n<!-- wp:paragraph -->\n<p><iframe style=\"max-width: 400px; width: 100%;\" src=\"https:\/\/madmimi.com\/signups\/515116ab51c448feb39ddfd783fc5f68\/iframe\" width=\"300\" height=\"1218\" frameborder=\"0\" scrolling=\"no\"><\/iframe><\/p>\n<!-- \/wp:paragraph -->\n\n<!-- wp:paragraph -->\n<p><\/p>\n<!-- \/wp:paragraph -->","_et_gb_content_width":"","footnotes":""},"class_list":["post-210","page","type-page","status-publish","hentry"],"_links":{"self":[{"href":"https:\/\/langhuus.ch\/blog\/wp-json\/wp\/v2\/pages\/210","targetHints":{"allow":["GET"]}}],"collection":[{"href":"https:\/\/langhuus.ch\/blog\/wp-json\/wp\/v2\/pages"}],"about":[{"href":"https:\/\/langhuus.ch\/blog\/wp-json\/wp\/v2\/types\/page"}],"author":[{"embeddable":true,"href":"https:\/\/langhuus.ch\/blog\/wp-json\/wp\/v2\/users\/1"}],"replies":[{"embeddable":true,"href":"https:\/\/langhuus.ch\/blog\/wp-json\/wp\/v2\/comments?post=210"}],"version-history":[{"count":22,"href":"https:\/\/langhuus.ch\/blog\/wp-json\/wp\/v2\/pages\/210\/revisions"}],"predecessor-version":[{"id":1444,"href":"https:\/\/langhuus.ch\/blog\/wp-json\/wp\/v2\/pages\/210\/revisions\/1444"}],"wp:attachment":[{"href":"https:\/\/langhuus.ch\/blog\/wp-json\/wp\/v2\/media?parent=210"}],"curies":[{"name":"wp","href":"https:\/\/api.w.org\/{rel}","templated":true}]}}