{"id":1981,"date":"2022-06-05T14:03:12","date_gmt":"2022-06-05T12:03:12","guid":{"rendered":"https:\/\/langhuus.ch\/blog\/?page_id=1981"},"modified":"2022-07-29T08:38:59","modified_gmt":"2022-07-29T06:38:59","slug":"datenschutzerklaerung","status":"publish","type":"page","link":"https:\/\/langhuus.ch\/blog\/datenschutzerklaerung\/","title":{"rendered":"Impressum"},"content":{"rendered":"[et_pb_section fb_built=&#8220;1&#8243; admin_label=&#8220;section&#8220; _builder_version=&#8220;4.16&#8243; global_colors_info=&#8220;{}&#8220;][et_pb_row admin_label=&#8220;row&#8220; _builder_version=&#8220;4.16&#8243; background_size=&#8220;initial&#8220; background_position=&#8220;top_left&#8220; background_repeat=&#8220;repeat&#8220; global_colors_info=&#8220;{}&#8220;][et_pb_column type=&#8220;4_4&#8243; _builder_version=&#8220;4.16&#8243; custom_padding=&#8220;|||&#8220; global_colors_info=&#8220;{}&#8220; custom_padding__hover=&#8220;|||&#8220;][et_pb_text admin_label=&#8220;Text&#8220; _builder_version=&#8220;4.17.4&#8243; background_size=&#8220;initial&#8220; background_position=&#8220;top_left&#8220; background_repeat=&#8220;repeat&#8220; global_colors_info=&#8220;{}&#8220;]<h1>Impressum<\/h1>\n<p><strong><\/strong><\/p>\n<p><strong>Verein IG Langhuus<br \/>Fabrikstrasse 9<br \/>6330 Cham<\/strong><\/p>\n<p><\/p>\n<p><\/p>\n<p>Email: info[at]langhuus.ch<\/p>\n<p>Verantwortung f\u00fcr den Inhalt dieser Website: Verein IG Langhuus, 6330 Cham<\/p>\n<p>Betriebsleiter: Xaver Inglin<\/p>\n<h2>Haftungsausschluss<\/h2>\n<p>Der Verein IG Langhuus tut sein Bestes, richtige und vollst\u00e4ndige Informationen auf dieser Website zu ver\u00f6ffentlichen und die Texte und Links sorgf\u00e4ltig zu pr\u00fcfen und zu aktualisieren. Wir \u00fcbernehmen jedoch keinerlei Verantwortung im Bezug auf die inhaltliche Richtigkeit, Genauigkeit, Aktualit\u00e4t, Zuverl\u00e4ssigkeit und Vollst\u00e4ndigkeit der hier publizierten Informationen.<br \/>Haftungsanspr\u00fcche gegen die Autor:innen wegen Sch\u00e4den materieller oder non-materieller Art, welche aus dem Zugriff oder der Nutzung bzw. Nichtnutzung der ver\u00f6ffentlichten Informationen oder durch Missbrauch der Verbindung oder durch technische St\u00f6rungen entstanden sind, werden ausgeschlossen. Die hier ver\u00f6ffentlichten Informationen und Angebote sind unverbindlich. Wir behalten uns vor, Teile der Pages oder das gesamte Angebot ohne weitere Ank\u00fcndigung zu editieren, auszubauen, zu l\u00f6schen oder die Ver\u00f6ffentlichung zeitweise oder endg\u00fcltig einzustellen.<\/p>\n<h2>Haftungsausschluss f\u00fcr Links<\/h2>\n<p>Links bzw. Verweise auf externe Websites liegen ausserhalb unseres Verantwortungsbereichs und wir lehnen jegliche Verantwortung f\u00fcr Websites Dritter ab. Der Zugriff sowie die Nutzung externer Websites erfolgt auf eigene Gefahr des jeweiligen Nutzenden.<\/p>\n<h2>Urheberrechte<\/h2>\n<p>Die Urheber:innen- und alle anderen Rechte an Inhalten\/Texten sowie Bildern und Fotos oder anderen Dateien auf dieser Website, geh\u00f6ren ausschliesslich dem Verein IG Langhuus oder den jeweils speziell erw\u00e4hnten Rechteinhaber:innen. F\u00fcr die Verwendung und\/oder Reproduktion aller Elemente bedarf es einer vorg\u00e4ngigen, schriftlichen Zustimmung der Urheberrechtstr\u00e4ger:innen.<\/p>[\/et_pb_text][\/et_pb_column][\/et_pb_row][et_pb_row admin_label=&#8220;row&#8220; module_id=&#8220;datenschutz&#8220; _builder_version=&#8220;4.17.4&#8243; background_size=&#8220;initial&#8220; background_position=&#8220;top_left&#8220; background_repeat=&#8220;repeat&#8220; global_colors_info=&#8220;{}&#8220;][et_pb_column type=&#8220;4_4&#8243; _builder_version=&#8220;4.16&#8243; custom_padding=&#8220;|||&#8220; global_colors_info=&#8220;{}&#8220; custom_padding__hover=&#8220;|||&#8220;][et_pb_text admin_label=&#8220;Text&#8220; _builder_version=&#8220;4.17.4&#8243; background_size=&#8220;initial&#8220; background_position=&#8220;top_left&#8220; background_repeat=&#8220;repeat&#8220; global_colors_info=&#8220;{}&#8220;]<p><span style=\"color: #333333; font-size: 30px;\">Datenschutzerkl\u00e4rung<\/span><\/p>\n<p><\/p>\n<p><\/p>\n<p>Der Schutz deiner Privatsph\u00e4re ist uns ein Anliegen. Wir behandeln deine personenbezogenen Daten vertraulich und entsprechend der gesetzlichen Datenschutzvorschriften sowie dieser Datenschutzerkl\u00e4rung. Die Nutzung unserer Website ist in der Regel ohne Angabe personenbezogener Daten m\u00f6glich. Soweit auf unseren Seiten personenbezogene Daten (beispielsweise Name, Anschrift oder E-Mail-Adressen) erhoben werden, erfolgt dies, soweit m\u00f6glich, stets auf freiwilliger Basis. Diese Daten werden gem\u00e4ss dieser Datenschutzerkl\u00e4rung teilweise an Dritte weitergegeben. Wir weisen darauf hin, dass die Daten\u00fcbertragung im Internet (z.B. bei der Kommunikation per E-Mail) Sicherheitsl\u00fccken aufweisen kann. Ein l\u00fcckenloser Schutz der Daten vor dem Zugriff durch Dritte ist nicht m\u00f6glich.<\/p>\n<p><\/p>\n<p><\/p>\n<h2>Cookies<\/h2>\n<p>Diese Website verwendet teilweise so genannte Cookies. Cookies richten auf deinem Computer keinen Schaden an und enthalten keine Viren. Cookies dienen dazu, unser Angebot nutzerfreundlicher, effektiver und sicherer zu machen. Cookies sind kleine Textdateien, die auf deinem Computer abgelegt werden und die dein Browser speichert. Die meisten der von uns verwendeten Cookies sind so genannte \u201eSession-Cookies\u201c. Sie werden nach Ende deines Besuchs automatisch gel\u00f6scht. Andere Cookies bleiben auf deinem Endger\u00e4t gespeichert, bis du diese l\u00f6schst. Diese Cookies erm\u00f6glichen es uns, deinen Browser beim n\u00e4chsten Besuch wiederzuerkennen. Du kannst deinen Browser so einstellen, dass du \u00fcber das Setzen von Cookies informiert wirst und Cookies nur im Einzelfall erlaubst, die Annahme von Cookies f\u00fcr bestimmte F\u00e4lle oder generell ausschliesst sowie das automatische L\u00f6schen der Cookies beim Schliessen des Browsers aktivierst. Bei der Deaktivierung von Cookies kann die Funktionalit\u00e4t dieser Website eingeschr\u00e4nkt sein.<\/p>\n<p><\/p>\n<p><\/p>\n<h2>Hosting Provider &amp; Server-Log Files<\/h2>\n<p>Der Provider der Website erhebt und speichert automatisch Informationen in so genannten\u00a0Server-Log Files, die dein Browser automatisch an uns \u00fcbermittelt. Dies sind:<\/p>\n<p><\/p>\n<p><\/p>\n<ul class=\"wp-block-list\">\n<li>IP-Adresse<\/li>\n<li>Browsertyp und Browserversion<\/li>\n<li>verwendetes Betriebssystem<\/li>\n<li>Referrer URL<\/li>\n<li>Hostname des zugreifenden Computers<\/li>\n<li>Uhrzeit der Serveranfrage<\/li>\n<\/ul>\n<p><\/p>\n<p><\/p>\n<p>Diese Daten k\u00f6nnen nicht direkt bestimmten Personen zugeordnet werden. Eine Zusammenf\u00fchrung dieser Daten mit anderen Datenquellen wird nicht vorgenommen. Wir behalten uns vor, diese Daten nachtr\u00e4glich zu pr\u00fcfen, wenn uns konkrete Anhaltspunkte f\u00fcr eine rechtswidrige Nutzung bekannt\u00a0werden.<\/p>\n<p><\/p>\n<p><\/p>\n<h2>SSL-Verschl\u00fcsselung<\/h2>\n<p>Diese Website nutzt aus Gr\u00fcnden der Sicherheit und zum Schutz der \u00dcbertragung vertraulicher Inhalte, wie zum Beispiel der Anfragen, die du an uns als sendest, eine SSL-Verschl\u00fcsselung. Eine verschl\u00fcsselte Verbindung erkennst du daran, dass die Adresszeile deines Browsers von \u201ehttp:\/\/\u201c auf \u201ehttps:\/\/\u201c wechselt und an dem Schloss-Symbol in deiner Browserzeile. Wenn die SSL-Verschl\u00fcsselung aktiviert ist, k\u00f6nnen die Daten, die du an uns \u00fcbermittelst, nicht von Dritten mitgelesen werden.<\/p>\n<p><\/p>\n<p><\/p>\n<h2>Kontaktformular<\/h2>\n<p>Wenn du uns per Kontaktformular eine Anfrage zukommen l\u00e4sst, werden deine Angaben aus dem Anfrageformular inklusive der von dir dort angegebenen Kontaktdaten inklusive IP-Adresse zwecks Bearbeitung der Anfrage und f\u00fcr den Fall von Anschlussfragen bei uns gespeichert. Diese Daten geben wir nicht ohne deine Einwilligung weiter.<\/p>\n<p><\/p>\n<p><\/p>\n<h2>Google Fonts<\/h2>\n<p>Auf dieser Website werden Google Fonts genutzt. Gem\u00e4ss unseres Wissens werden dabei keine pers\u00f6nlichen Daten durch Google gespeichert. Dazu muss aber aus technischen Gr\u00fcnden deine IP-Adresse an Google \u00fcbermittelt werden, damit die Schriftarten an deinen Browser \u00fcbertragen werden k\u00f6nnen.<\/p>\n<p><\/p>\n<p><\/p>\n<p>Mehr Informationen von Google zu Google Fonts kannst du <a rel=\"noreferrer noopener\" href=\"https:\/\/policies.google.com\/privacy?hl=de\" target=\"_blank\">hier einsehen<\/a>.<\/p>\n<p><\/p>\n<p><\/p>\n<h2>Social Media<\/h2>\n<p>Im Rahmen der Nutzung von Social Media auf dieser Website, wie bspw. der Share-Button von Facebook, k\u00f6nnen ebenfalls Cookies dieser Drittleister gesetzt werden. Die Richtlinien zum Datenschutz dieser Anbieter entnimmst du bitte der jeweiligen Angaben der Betreiber, hier die wichtigsten:<\/p>\n<p><\/p>\n<p><\/p>\n<ul class=\"wp-block-list\">\n<li><a rel=\"noreferrer noopener\" href=\"http:\/\/de-de.facebook.com\/policy.php\" target=\"_blank\">Facebook<\/a><\/li>\n<li><a rel=\"noreferrer noopener\" href=\"https:\/\/help.instagram.com\/519522125107875\/\" target=\"_blank\">Instagram<\/a><\/li>\n<\/ul>\n<p><\/p>\n<p><\/p>\n<h2>Recht auf Auskunft, Sperrung oder L\u00f6schung<\/h2>\n<p>Du hast jederzeit das Recht auf unentgeltliche Auskunft \u00fcber deine gespeicherten, personenbezogenen Daten, deren Herkunft und Empf\u00e4nger und den Zweck der Datenverarbeitung sowie ein Recht auf Berichtigung, Sperrung oder L\u00f6schung dieser Daten. Hierzu sowie zu weiteren Fragen zum Thema personenbezogene Daten kannst du dich jederzeit unter der im Impressum angegebenen Adresse an uns wenden.<\/p>\n<p><\/p>\n<p><\/p>\n<h2>Schlussbestimmungen<\/h2>\n<p>Wir k\u00f6nnen unsere Datenschutzerkl\u00e4rung jederzeit durch Ver\u00f6ffentlichung auf der Website anpassen.<\/p>\n<p><\/p>\n<p><\/p>\n<p>Erstellungsdatum\/Letzte \u00dcberarbeitung: 28.07.2022<\/p>\n<p><\/p>\n<p><\/p>\n<p>\u00a92022 &#8211; Verein IG Langhuus, 6330 Cham, <a href=\"http:\/\/www.langhuus.ch\" data-type=\"URL\" data-id=\"www.langhuus.ch\">www.langhuus.ch<\/a><\/p>\n<p><\/p>[\/et_pb_text][\/et_pb_column][\/et_pb_row][\/et_pb_section]","protected":false},"excerpt":{"rendered":"<p>Impressum Verein IG LanghuusFabrikstrasse 96330 Cham Email: info[at]langhuus.ch Verantwortung f\u00fcr den Inhalt dieser Website: Verein IG Langhuus, 6330 Cham Betriebsleiter: Xaver Inglin Haftungsausschluss Der Verein IG Langhuus tut sein Bestes, [&hellip;]<\/p>\n","protected":false},"author":1,"featured_media":0,"parent":0,"menu_order":0,"comment_status":"closed","ping_status":"closed","template":"","meta":{"_et_pb_use_builder":"on","_et_pb_old_content":"<!-- wp:paragraph -->\n<p><strong>Verein IG Langhuus<br>Fabrikstrasse 9<br>6330 Cham<\/strong><\/p>\n<!-- \/wp:paragraph -->\n\n<!-- wp:paragraph -->\n<p>Email: info[at]langhuus.ch<\/p>\n<!-- \/wp:paragraph -->\n\n<!-- wp:paragraph -->\n<p>Verantwortung f\u00fcr den Inhalt dieser Website: Verein IG Langhuus, 6330 Cham<\/p>\n<!-- \/wp:paragraph -->\n\n<!-- wp:paragraph -->\n<p>Betriebsleiter: Xaver Inglin<\/p>\n<!-- \/wp:paragraph -->\n\n<!-- wp:paragraph -->\n<p>  <\/p>\n<!-- \/wp:paragraph -->\n\n<!-- wp:paragraph -->\n<p><strong>Haftungsausschluss<\/strong><br>Der Verein IG Langhuus tut sein Bestes, richtige und vollst\u00e4ndige Informationen auf dieser Website zu ver\u00f6ffentlichen und die Texte und Links sorgf\u00e4ltig zu pr\u00fcfen und zu aktualisieren. Wir \u00fcbernehmen jedoch keinerlei Verantwortung im Bezug auf die inhaltliche Richtigkeit, Genauigkeit, Aktualit\u00e4t, Zuverl\u00e4ssigkeit und Vollst\u00e4ndigkeit der hier publizierten Informationen.<br>Haftungsanspr\u00fcche gegen die Autor:innen wegen Sch\u00e4den materieller oder non-materieller Art, welche aus dem Zugriff oder der Nutzung bzw. Nichtnutzung der ver\u00f6ffentlichten Informationen oder durch Missbrauch der Verbindung oder durch technische St\u00f6rungen entstanden sind, werden ausgeschlossen. Die hier ver\u00f6ffentlichten Informationen und Angebote sind unverbindlich. Wir behalten uns vor, Teile der Pages oder das gesamte Angebot ohne weitere Ank\u00fcndigung zu editieren, auszubauen, zu l\u00f6schen oder die Ver\u00f6ffentlichung zeitweise oder endg\u00fcltig einzustellen.<\/p>\n<!-- \/wp:paragraph -->\n\n<!-- wp:paragraph -->\n<p>    <\/p>\n<!-- \/wp:paragraph -->\n\n<!-- wp:paragraph -->\n<p><strong>Haftungsausschluss f\u00fcr Links<\/strong><br>Links bzw. Verweise auf externe Websites liegen ausserhalb unseres Verantwortungsbereichs und wir lehnen jegliche Verantwortung f\u00fcr Websites Dritter ab. Der Zugriff sowie die Nutzung externer Websites erfolgt auf eigene Gefahr des jeweiligen Nutzenden.<\/p>\n<!-- \/wp:paragraph -->\n\n<!-- wp:paragraph -->\n<p>    <\/p>\n<!-- \/wp:paragraph -->\n\n<!-- wp:paragraph -->\n<p><strong>Urheberrechte<\/strong><br>Die Urheber:innen- und alle anderen Rechte an Inhalten\/Texten sowie Bildern und Fotos oder anderen Dateien auf dieser Website, geh\u00f6ren ausschliesslich dem Verein IG Langhuus oder den jeweils speziell erw\u00e4hnten Rechteinhaber:innen. F\u00fcr die Verwendung und\/oder Reproduktion aller Elemente bedarf es einer vorg\u00e4ngigen, schriftlichen Zustimmung der Urheberrechtstr\u00e4ger:innen.<\/p>\n<!-- \/wp:paragraph -->\n\n<!-- wp:paragraph -->\n<p>  <\/p>\n<!-- \/wp:paragraph -->\n\n<!-- wp:paragraph -->\n<p>     <\/p>\n<!-- \/wp:paragraph -->\n\n<!-- wp:heading {\"level\":1} -->\n<h1 id=\"datenschutz\">Datenschutzerkl\u00e4rung<\/h1>\n<!-- \/wp:heading -->\n\n<!-- wp:paragraph -->\n<p>    <\/p>\n<!-- \/wp:paragraph -->\n\n<!-- wp:paragraph -->\n<p>Der Schutz deiner Privatsph\u00e4re ist uns ein Anliegen. Wir behandeln deine personenbezogenen Daten vertraulich und entsprechend der gesetzlichen Datenschutzvorschriften sowie dieser Datenschutzerkl\u00e4rung. Die Nutzung unserer Website ist in der Regel ohne Angabe personenbezogener Daten m\u00f6glich. Soweit auf unseren Seiten personenbezogene Daten (beispielsweise Name, Anschrift oder E-Mail-Adressen) erhoben werden, erfolgt dies, soweit m\u00f6glich, stets auf freiwilliger Basis. Diese Daten werden gem\u00e4ss dieser Datenschutzerkl\u00e4rung teilweise an Dritte weitergegeben. Wir weisen darauf hin, dass die Daten\u00fcbertragung im Internet (z.B. bei der Kommunikation per E-Mail) Sicherheitsl\u00fccken aufweisen kann. Ein l\u00fcckenloser Schutz der Daten vor dem Zugriff durch Dritte ist nicht m\u00f6glich.<\/p>\n<!-- \/wp:paragraph -->\n\n<!-- wp:paragraph -->\n<p>   <\/p>\n<!-- \/wp:paragraph -->\n\n<!-- wp:paragraph -->\n<p><strong>Cookies<\/strong><br>Diese Website verwendet teilweise so genannte Cookies. Cookies richten auf deinem Computer keinen Schaden an und enthalten keine Viren. Cookies dienen dazu, unser Angebot nutzerfreundlicher, effektiver und sicherer zu machen. Cookies sind kleine Textdateien, die auf deinem Computer abgelegt werden und die dein Browser speichert. Die meisten der von uns verwendeten Cookies sind so genannte \u201eSession-Cookies\u201c. Sie werden nach Ende deines Besuchs automatisch gel\u00f6scht. Andere Cookies bleiben auf deinem Endger\u00e4t gespeichert, bis du diese l\u00f6schst. Diese Cookies erm\u00f6glichen es uns, deinen Browser beim n\u00e4chsten Besuch wiederzuerkennen. Du kannst deinen Browser so einstellen, dass du \u00fcber das Setzen von Cookies informiert wirst und Cookies nur im Einzelfall erlaubst, die Annahme von Cookies f\u00fcr bestimmte F\u00e4lle oder generell ausschliesst sowie das automatische L\u00f6schen der Cookies beim Schliessen des Browsers aktivierst. Bei der Deaktivierung von Cookies kann die Funktionalit\u00e4t dieser Website eingeschr\u00e4nkt sein.<\/p>\n<!-- \/wp:paragraph -->\n\n<!-- wp:paragraph -->\n<p>  <\/p>\n<!-- \/wp:paragraph -->\n\n<!-- wp:paragraph -->\n<p><strong>Hosting Provider &amp; Server-Log Files<\/strong><br>Der Provider der Website erhebt und speichert automatisch Informationen in so genannten&nbsp;Server-Log Files, die dein Browser automatisch an uns \u00fcbermittelt. Dies sind:<\/p>\n<!-- \/wp:paragraph -->\n\n<!-- wp:list -->\n<ul><li>IP-Adresse<\/li><li>Browsertyp und Browserversion<\/li><li>verwendetes Betriebssystem<\/li><li>Referrer URL<\/li><li>Hostname des zugreifenden Computers<\/li><li>Uhrzeit der Serveranfrage<\/li><\/ul>\n<!-- \/wp:list -->\n\n<!-- wp:paragraph -->\n<p>Diese Daten k\u00f6nnen nicht direkt bestimmten Personen zugeordnet werden. Eine Zusammenf\u00fchrung dieser Daten mit anderen Datenquellen wird nicht vorgenommen. Wir behalten uns vor, diese Daten nachtr\u00e4glich zu pr\u00fcfen, wenn uns konkrete Anhaltspunkte f\u00fcr eine rechtswidrige Nutzung bekannt&nbsp;werden.<\/p>\n<!-- \/wp:paragraph -->\n\n<!-- wp:paragraph -->\n<p>   <\/p>\n<!-- \/wp:paragraph -->\n\n<!-- wp:paragraph -->\n<p><strong>SSL-Verschl\u00fcsselung<\/strong><br>Diese Website nutzt aus Gr\u00fcnden der Sicherheit und zum Schutz der \u00dcbertragung vertraulicher Inhalte, wie zum Beispiel der Anfragen, die du an uns als sendest, eine SSL-Verschl\u00fcsselung. Eine verschl\u00fcsselte Verbindung erkennst du daran, dass die Adresszeile deines Browsers von \u201ehttp:\/\/\u201c auf \u201ehttps:\/\/\u201c wechselt und an dem Schloss-Symbol in deiner Browserzeile. Wenn die SSL-Verschl\u00fcsselung aktiviert ist, k\u00f6nnen die Daten, die du an uns \u00fcbermittelst, nicht von Dritten mitgelesen werden.<\/p>\n<!-- \/wp:paragraph -->\n\n<!-- wp:paragraph -->\n<p>   <\/p>\n<!-- \/wp:paragraph -->\n\n<!-- wp:paragraph -->\n<p><strong>Kontaktformular<\/strong><br>Wenn du uns per Kontaktformular eine Anfrage zukommen l\u00e4sst, werden deine Angaben aus dem Anfrageformular inklusive der von dir dort angegebenen Kontaktdaten inklusive IP-Adresse zwecks Bearbeitung der Anfrage und f\u00fcr den Fall von Anschlussfragen bei uns gespeichert. Diese Daten geben wir nicht ohne deine Einwilligung weiter.<\/p>\n<!-- \/wp:paragraph -->\n\n<!-- wp:paragraph -->\n<p>   <\/p>\n<!-- \/wp:paragraph -->\n\n<!-- wp:paragraph -->\n<p><strong>Google Fonts<\/strong><br>Auf dieser Website werden Google Fonts genutzt. Gem\u00e4ss unseres Wissens werden dabei keine pers\u00f6nlichen Daten durch Google gespeichert. Dazu muss aber aus technischen Gr\u00fcnden deine IP-Adresse an Google \u00fcbermittelt werden, damit die Schriftarten an deinen Browser \u00fcbertragen werden k\u00f6nnen.<\/p>\n<!-- \/wp:paragraph -->\n\n<!-- wp:paragraph -->\n<p>Mehr Informationen von Google zu Google Fonts kannst du <a rel=\"noreferrer noopener\" href=\"https:\/\/policies.google.com\/privacy?hl=de\" target=\"_blank\">hier einsehen<\/a>.<\/p>\n<!-- \/wp:paragraph -->\n\n<!-- wp:paragraph -->\n<p>    <\/p>\n<!-- \/wp:paragraph -->\n\n<!-- wp:paragraph -->\n<p><strong>Social Media<\/strong><br>Im Rahmen der Nutzung von Social Media auf dieser Website, wie bspw. der Share-Button von Facebook, k\u00f6nnen ebenfalls Cookies dieser Drittleister gesetzt werden. Die Richtlinien zum Datenschutz dieser Anbieter entnimmst du bitte der jeweiligen Angaben der Betreiber, hier die wichtigsten:<\/p>\n<!-- \/wp:paragraph -->\n\n<!-- wp:list -->\n<ul><li><a rel=\"noreferrer noopener\" href=\"http:\/\/de-de.facebook.com\/policy.php\" target=\"_blank\">Facebook<\/a><\/li><li><a rel=\"noreferrer noopener\" href=\"https:\/\/help.instagram.com\/519522125107875\/\" target=\"_blank\">Instagram<\/a><\/li><\/ul>\n<!-- \/wp:list -->\n\n<!-- wp:paragraph -->\n<p>    <\/p>\n<!-- \/wp:paragraph -->\n\n<!-- wp:paragraph -->\n<p><strong>Recht auf Auskunft, Sperrung oder L\u00f6schung<\/strong><br>Du hast jederzeit das Recht auf unentgeltliche Auskunft \u00fcber deine gespeicherten, personenbezogenen Daten, deren Herkunft und Empf\u00e4nger und den Zweck der Datenverarbeitung sowie ein Recht auf Berichtigung, Sperrung oder L\u00f6schung dieser Daten. Hierzu sowie zu weiteren Fragen zum Thema personenbezogene Daten kannst du dich jederzeit unter der im Impressum angegebenen Adresse an uns wenden.<\/p>\n<!-- \/wp:paragraph -->\n\n<!-- wp:paragraph -->\n<p> <\/p>\n<!-- \/wp:paragraph -->\n\n<!-- wp:paragraph -->\n<p><strong>Schlussbestimmungen<\/strong><br>Wir k\u00f6nnen unsere Datenschutzerkl\u00e4rung jederzeit durch Ver\u00f6ffentlichung auf der Website anpassen.<\/p>\n<!-- \/wp:paragraph -->\n\n<!-- wp:paragraph -->\n<p>  <\/p>\n<!-- \/wp:paragraph -->\n\n<!-- wp:paragraph -->\n<p>Erstellungsdatum\/Letzte \u00dcberarbeitung: 28.07.2022<\/p>\n<!-- \/wp:paragraph -->\n\n<!-- wp:paragraph -->\n<p>\u00a92022 - Verein IG Langhuus, 6330 Cham, <a href=\"http:\/\/www.langhuus.ch\" data-type=\"URL\" data-id=\"www.langhuus.ch\">www.langhuus.ch<\/a> <\/p>\n<!-- \/wp:paragraph -->","_et_gb_content_width":"","footnotes":""},"class_list":["post-1981","page","type-page","status-publish","hentry"],"_links":{"self":[{"href":"https:\/\/langhuus.ch\/blog\/wp-json\/wp\/v2\/pages\/1981","targetHints":{"allow":["GET"]}}],"collection":[{"href":"https:\/\/langhuus.ch\/blog\/wp-json\/wp\/v2\/pages"}],"about":[{"href":"https:\/\/langhuus.ch\/blog\/wp-json\/wp\/v2\/types\/page"}],"author":[{"embeddable":true,"href":"https:\/\/langhuus.ch\/blog\/wp-json\/wp\/v2\/users\/1"}],"replies":[{"embeddable":true,"href":"https:\/\/langhuus.ch\/blog\/wp-json\/wp\/v2\/comments?post=1981"}],"version-history":[{"count":17,"href":"https:\/\/langhuus.ch\/blog\/wp-json\/wp\/v2\/pages\/1981\/revisions"}],"predecessor-version":[{"id":2247,"href":"https:\/\/langhuus.ch\/blog\/wp-json\/wp\/v2\/pages\/1981\/revisions\/2247"}],"wp:attachment":[{"href":"https:\/\/langhuus.ch\/blog\/wp-json\/wp\/v2\/media?parent=1981"}],"curies":[{"name":"wp","href":"https:\/\/api.w.org\/{rel}","templated":true}]}}